{"id":1149,"date":"2019-06-04T13:00:35","date_gmt":"2019-06-04T16:00:35","guid":{"rendered":"https:\/\/ahgora.upsites.dev\/?page_id=1149"},"modified":"2019-06-27T15:40:06","modified_gmt":"2019-06-27T18:40:06","slug":"integracoes-ahgora","status":"publish","type":"page","link":"https:\/\/ahgora.upsites.dev\/en\/integracoes-ahgora\/","title":{"rendered":"Integra\u00e7\u00f5es"},"content":{"rendered":"<div data-elementor-type=\"wp-post\" data-elementor-id=\"1149\" class=\"elementor elementor-1149\">\n\t\t\t\t\t\t<div class=\"elementor-inner\">\n\t\t\t\t<div class=\"elementor-section-wrap\">\n\t\t\t\t\t\t\t\t\t<section class=\"has_ae_slider elementor-section elementor-top-section elementor-element elementor-element-f7479d5 elementor-section-items-stretch elementor-section-full_width elementor-section-height-min-height elementor-section-height-default ae-bg-gallery-type-default\" data-id=\"f7479d5\" data-element_type=\"section\" data-settings=\"{&quot;background_background&quot;:&quot;classic&quot;}\">\n\t\t\t\t\t\t<div class=\"elementor-container elementor-column-gap-default\">\n\t\t\t\t\t\t\t<div class=\"elementor-row\">\n\t\t\t\t\t<div class=\"has_ae_slider elementor-column elementor-col-100 elementor-top-column elementor-element elementor-element-459639dd ae-bg-gallery-type-default\" data-id=\"459639dd\" data-element_type=\"column\">\n\t\t\t<div class=\"elementor-column-wrap elementor-element-populated\">\n\t\t\t\t\t\t\t<div class=\"elementor-widget-wrap\">\n\t\t\t\t\t\t<section class=\"has_ae_slider elementor-section elementor-inner-section elementor-element elementor-element-3fdea00c elementor-section-height-min-height elementor-section-boxed elementor-section-height-default ae-bg-gallery-type-default\" data-id=\"3fdea00c\" data-element_type=\"section\">\n\t\t\t\t\t\t<div class=\"elementor-container elementor-column-gap-default\">\n\t\t\t\t\t\t\t<div class=\"elementor-row\">\n\t\t\t\t\t<div class=\"has_ae_slider elementor-column elementor-col-50 elementor-inner-column elementor-element elementor-element-37e88577 ae-bg-gallery-type-default\" data-id=\"37e88577\" data-element_type=\"column\">\n\t\t\t<div class=\"elementor-column-wrap elementor-element-populated\">\n\t\t\t\t\t\t\t<div class=\"elementor-widget-wrap\">\n\t\t\t\t\t\t<div class=\"elementor-element elementor-element-772869d0 elementor-widget elementor-widget-heading\" data-id=\"772869d0\" data-element_type=\"widget\" data-widget_type=\"heading.default\">\n\t\t\t\t<div class=\"elementor-widget-container\">\n\t\t\t<h1 class=\"elementor-heading-title elementor-size-default\">V\u00e1 mais longe com estas integra\u00e7\u00f5es.<\/h1>\t\t<\/div>\n\t\t\t\t<\/div>\n\t\t\t\t<div class=\"elementor-element elementor-element-0984c30 subtitulo-topo elementor-widget elementor-widget-heading\" data-id=\"0984c30\" data-element_type=\"widget\" data-widget_type=\"heading.default\">\n\t\t\t\t<div class=\"elementor-widget-container\">\n\t\t\t<h2 class=\"elementor-heading-title elementor-size-default\">Compatibilidade e facilidade de migra\u00e7\u00e3o.<\/h2>\t\t<\/div>\n\t\t\t\t<\/div>\n\t\t\t\t\t\t<\/div>\n\t\t\t\t\t<\/div>\n\t\t<\/div>\n\t\t\t\t<div class=\"has_ae_slider elementor-column elementor-col-50 elementor-inner-column elementor-element elementor-element-51324ee9 ae-bg-gallery-type-default\" data-id=\"51324ee9\" data-element_type=\"column\">\n\t\t\t<div class=\"elementor-column-wrap\">\n\t\t\t\t\t\t\t<div class=\"elementor-widget-wrap\">\n\t\t\t\t\t\t\t\t<\/div>\n\t\t\t\t\t<\/div>\n\t\t<\/div>\n\t\t\t\t\t\t\t\t<\/div>\n\t\t\t\t\t<\/div>\n\t\t<\/section>\n\t\t\t\t\t\t<\/div>\n\t\t\t\t\t<\/div>\n\t\t<\/div>\n\t\t\t\t\t\t\t\t<\/div>\n\t\t\t\t\t<\/div>\n\t\t<\/section>\n\t\t\t\t<section class=\"has_ae_slider elementor-section elementor-top-section elementor-element elementor-element-c4ec62d elementor-section-content-middle elementor-section-boxed elementor-section-height-default elementor-section-height-default ae-bg-gallery-type-default\" data-id=\"c4ec62d\" data-element_type=\"section\">\n\t\t\t\t\t\t<div class=\"elementor-container elementor-column-gap-default\">\n\t\t\t\t\t\t\t<div class=\"elementor-row\">\n\t\t\t\t\t<div class=\"has_ae_slider elementor-column elementor-col-50 elementor-top-column elementor-element elementor-element-3760c22 ae-bg-gallery-type-default\" data-id=\"3760c22\" data-element_type=\"column\">\n\t\t\t<div class=\"elementor-column-wrap elementor-element-populated\">\n\t\t\t\t\t\t\t<div class=\"elementor-widget-wrap\">\n\t\t\t\t\t\t<div class=\"elementor-element elementor-element-e7694c8 elementor-widget elementor-widget-heading\" data-id=\"e7694c8\" data-element_type=\"widget\" data-widget_type=\"heading.default\">\n\t\t\t\t<div class=\"elementor-widget-container\">\n\t\t\t<h2 class=\"elementor-heading-title elementor-size-default\">Agilize processos,\nempodere o RH<\/h2>\t\t<\/div>\n\t\t\t\t<\/div>\n\t\t\t\t<div class=\"elementor-element elementor-element-1c9f219d elementor-widget elementor-widget-text-editor\" data-id=\"1c9f219d\" data-element_type=\"widget\" data-widget_type=\"text-editor.default\">\n\t\t\t\t<div class=\"elementor-widget-container\">\n\t\t\t\t\t\t\t\t<div class=\"elementor-text-editor elementor-clearfix\">\n\t\t\t\t<p>Os softwares da Ahgora podem ser integrados com os principais ERPs do mercado &#8211; nosso cat\u00e1logo de APIs est\u00e1 sempre crescendo. Providenciamos novos mediante negocia\u00e7\u00e3o e usamos tecnologia Fog IoT para conectar voc\u00ea \u00e0 nuvem.\u00a0<\/p>\t\t\t\t\t<\/div>\n\t\t\t\t\t\t<\/div>\n\t\t\t\t<\/div>\n\t\t\t\t<div class=\"elementor-element elementor-element-e49f6b2 elementor-align-left elementor-widget-mobile__width-auto botaocta elementor-widget elementor-widget-button\" data-id=\"e49f6b2\" data-element_type=\"widget\" data-widget_type=\"button.default\">\n\t\t\t\t<div class=\"elementor-widget-container\">\n\t\t\t\t\t<div class=\"elementor-button-wrapper\">\n\t\t\t<a href=\"https:\/\/ahgora.upsites.dev\/en\/produtos\/\" class=\"elementor-button-link elementor-button elementor-size-sm\" role=\"button\">\n\t\t\t\t\t\t<span class=\"elementor-button-content-wrapper\">\n\t\t\t\t\t\t<span class=\"elementor-button-text\">Conhe\u00e7a os produtos da ahgora<\/span>\n\t\t<\/span>\n\t\t\t\t\t<\/a>\n\t\t<\/div>\n\t\t\t\t<\/div>\n\t\t\t\t<\/div>\n\t\t\t\t\t\t<\/div>\n\t\t\t\t\t<\/div>\n\t\t<\/div>\n\t\t\t\t<div class=\"has_ae_slider elementor-column elementor-col-50 elementor-top-column elementor-element elementor-element-0cddc1e elementor-hidden-phone ae-bg-gallery-type-default\" data-id=\"0cddc1e\" data-element_type=\"column\" data-settings=\"{&quot;background_background&quot;:&quot;classic&quot;}\">\n\t\t\t<div class=\"elementor-column-wrap elementor-element-populated\">\n\t\t\t\t\t\t\t<div class=\"elementor-widget-wrap\">\n\t\t\t\t\t\t<div class=\"elementor-element elementor-element-d20badd elementor-widget elementor-widget-spacer\" data-id=\"d20badd\" data-element_type=\"widget\" data-widget_type=\"spacer.default\">\n\t\t\t\t<div class=\"elementor-widget-container\">\n\t\t\t\t\t<div class=\"elementor-spacer\">\n\t\t\t<div class=\"elementor-spacer-inner\"><\/div>\n\t\t<\/div>\n\t\t\t\t<\/div>\n\t\t\t\t<\/div>\n\t\t\t\t\t\t<\/div>\n\t\t\t\t\t<\/div>\n\t\t<\/div>\n\t\t\t\t\t\t\t\t<\/div>\n\t\t\t\t\t<\/div>\n\t\t<\/section>\n\t\t\t\t<section class=\"has_ae_slider elementor-section elementor-top-section elementor-element elementor-element-10a64c3 elementor-section-boxed elementor-section-height-default elementor-section-height-default ae-bg-gallery-type-default\" data-id=\"10a64c3\" data-element_type=\"section\">\n\t\t\t\t\t\t<div class=\"elementor-container elementor-column-gap-wider\">\n\t\t\t\t\t\t\t<div class=\"elementor-row\">\n\t\t\t\t\t<div class=\"has_ae_slider elementor-column elementor-col-25 elementor-top-column elementor-element elementor-element-c52c3ce ae-bg-gallery-type-default\" data-id=\"c52c3ce\" data-element_type=\"column\">\n\t\t\t<div class=\"elementor-column-wrap elementor-element-populated\">\n\t\t\t\t\t\t\t<div class=\"elementor-widget-wrap\">\n\t\t\t\t\t\t<div class=\"elementor-element elementor-element-4a68551 elementor-widget elementor-widget-image\" data-id=\"4a68551\" data-element_type=\"widget\" data-widget_type=\"image.default\">\n\t\t\t\t<div class=\"elementor-widget-container\">\n\t\t\t\t\t\t\t\t<div class=\"elementor-image\">\n\t\t\t\t\t\t\t\t\t\t\t\t<img decoding=\"async\" width=\"256\" height=\"98\" src=\"https:\/\/ahgora.upsites.dev\/wp-content\/uploads\/2019\/06\/integracoes-sap.png\" class=\"attachment-large size-large wp-image-1159\" alt=\"integracoes sap\" loading=\"lazy\" \/>\t\t\t\t\t\t\t\t\t\t\t\t\t\t<\/div>\n\t\t\t\t\t\t<\/div>\n\t\t\t\t<\/div>\n\t\t\t\t<div class=\"elementor-element elementor-element-75bb8f5 elementor-widget elementor-widget-image\" data-id=\"75bb8f5\" data-element_type=\"widget\" data-widget_type=\"image.default\">\n\t\t\t\t<div class=\"elementor-widget-container\">\n\t\t\t\t\t\t\t\t<div class=\"elementor-image\">\n\t\t\t\t\t\t\t\t\t\t\t\t<img decoding=\"async\" width=\"256\" height=\"98\" src=\"https:\/\/ahgora.upsites.dev\/wp-content\/uploads\/2019\/06\/integracoes-clipescola.png\" class=\"attachment-large size-large wp-image-1163\" alt=\"integracoes clipescola\" loading=\"lazy\" \/>\t\t\t\t\t\t\t\t\t\t\t\t\t\t<\/div>\n\t\t\t\t\t\t<\/div>\n\t\t\t\t<\/div>\n\t\t\t\t\t\t<\/div>\n\t\t\t\t\t<\/div>\n\t\t<\/div>\n\t\t\t\t<div class=\"has_ae_slider elementor-column elementor-col-25 elementor-top-column elementor-element elementor-element-c2dc589 ae-bg-gallery-type-default\" data-id=\"c2dc589\" data-element_type=\"column\">\n\t\t\t<div class=\"elementor-column-wrap elementor-element-populated\">\n\t\t\t\t\t\t\t<div class=\"elementor-widget-wrap\">\n\t\t\t\t\t\t<div class=\"elementor-element elementor-element-c8adedd elementor-widget elementor-widget-image\" data-id=\"c8adedd\" data-element_type=\"widget\" data-widget_type=\"image.default\">\n\t\t\t\t<div class=\"elementor-widget-container\">\n\t\t\t\t\t\t\t\t<div class=\"elementor-image\">\n\t\t\t\t\t\t\t\t\t\t\t\t<img decoding=\"async\" width=\"256\" height=\"98\" src=\"https:\/\/ahgora.upsites.dev\/wp-content\/uploads\/2019\/06\/integracoes-protheus.png\" class=\"attachment-large size-large wp-image-1158\" alt=\"integracoes protheus\" loading=\"lazy\" \/>\t\t\t\t\t\t\t\t\t\t\t\t\t\t<\/div>\n\t\t\t\t\t\t<\/div>\n\t\t\t\t<\/div>\n\t\t\t\t<div class=\"elementor-element elementor-element-176f5ae elementor-widget elementor-widget-image\" data-id=\"176f5ae\" data-element_type=\"widget\" data-widget_type=\"image.default\">\n\t\t\t\t<div class=\"elementor-widget-container\">\n\t\t\t\t\t\t\t\t<div class=\"elementor-image\">\n\t\t\t\t\t\t\t\t\t\t\t\t<img decoding=\"async\" width=\"256\" height=\"98\" src=\"https:\/\/ahgora.upsites.dev\/wp-content\/uploads\/2019\/06\/integracoes-sap-1.png\" class=\"attachment-large size-large wp-image-1166\" alt=\"integracoes sap\" loading=\"lazy\" \/>\t\t\t\t\t\t\t\t\t\t\t\t\t\t<\/div>\n\t\t\t\t\t\t<\/div>\n\t\t\t\t<\/div>\n\t\t\t\t<div class=\"elementor-element elementor-element-35fe01e elementor-widget elementor-widget-image\" data-id=\"35fe01e\" data-element_type=\"widget\" data-widget_type=\"image.default\">\n\t\t\t\t<div class=\"elementor-widget-container\">\n\t\t\t\t\t\t\t\t<div class=\"elementor-image\">\n\t\t\t\t\t\t\t\t\t\t\t\t<img decoding=\"async\" width=\"256\" height=\"98\" src=\"https:\/\/ahgora.upsites.dev\/wp-content\/uploads\/2019\/06\/integracoes-trello.png\" class=\"attachment-large size-large wp-image-1162\" alt=\"integracoes trello\" loading=\"lazy\" \/>\t\t\t\t\t\t\t\t\t\t\t\t\t\t<\/div>\n\t\t\t\t\t\t<\/div>\n\t\t\t\t<\/div>\n\t\t\t\t\t\t<\/div>\n\t\t\t\t\t<\/div>\n\t\t<\/div>\n\t\t\t\t<div class=\"has_ae_slider elementor-column elementor-col-25 elementor-top-column elementor-element elementor-element-1435f22 ae-bg-gallery-type-default\" data-id=\"1435f22\" data-element_type=\"column\">\n\t\t\t<div class=\"elementor-column-wrap elementor-element-populated\">\n\t\t\t\t\t\t\t<div class=\"elementor-widget-wrap\">\n\t\t\t\t\t\t<div class=\"elementor-element elementor-element-0240892 elementor-widget elementor-widget-image\" data-id=\"0240892\" data-element_type=\"widget\" data-widget_type=\"image.default\">\n\t\t\t\t<div class=\"elementor-widget-container\">\n\t\t\t\t\t\t\t\t<div class=\"elementor-image\">\n\t\t\t\t\t\t\t\t\t\t\t\t<img decoding=\"async\" width=\"256\" height=\"98\" src=\"https:\/\/ahgora.upsites.dev\/wp-content\/uploads\/2019\/06\/integracoes-benner.png\" class=\"attachment-large size-large wp-image-1157\" alt=\"integracoes benner\" loading=\"lazy\" \/>\t\t\t\t\t\t\t\t\t\t\t\t\t\t<\/div>\n\t\t\t\t\t\t<\/div>\n\t\t\t\t<\/div>\n\t\t\t\t<div class=\"elementor-element elementor-element-955b05f elementor-widget elementor-widget-image\" data-id=\"955b05f\" data-element_type=\"widget\" data-widget_type=\"image.default\">\n\t\t\t\t<div class=\"elementor-widget-container\">\n\t\t\t\t\t\t\t\t<div class=\"elementor-image\">\n\t\t\t\t\t\t\t\t\t\t\t\t<img decoding=\"async\" width=\"256\" height=\"98\" src=\"https:\/\/ahgora.upsites.dev\/wp-content\/uploads\/2019\/06\/integracoes-adp.png\" class=\"attachment-large size-large wp-image-1165\" alt=\"integracoes adp\" loading=\"lazy\" \/>\t\t\t\t\t\t\t\t\t\t\t\t\t\t<\/div>\n\t\t\t\t\t\t<\/div>\n\t\t\t\t<\/div>\n\t\t\t\t<div class=\"elementor-element elementor-element-0a9627e elementor-widget elementor-widget-image\" data-id=\"0a9627e\" data-element_type=\"widget\" data-widget_type=\"image.default\">\n\t\t\t\t<div class=\"elementor-widget-container\">\n\t\t\t\t\t\t\t\t<div class=\"elementor-image\">\n\t\t\t\t\t\t\t\t\t\t\t\t<img decoding=\"async\" width=\"256\" height=\"98\" src=\"https:\/\/ahgora.upsites.dev\/wp-content\/uploads\/2019\/06\/integracoes-chrome.png\" class=\"attachment-large size-large wp-image-1161\" alt=\"integracoes chrome\" loading=\"lazy\" \/>\t\t\t\t\t\t\t\t\t\t\t\t\t\t<\/div>\n\t\t\t\t\t\t<\/div>\n\t\t\t\t<\/div>\n\t\t\t\t\t\t<\/div>\n\t\t\t\t\t<\/div>\n\t\t<\/div>\n\t\t\t\t<div class=\"has_ae_slider elementor-column elementor-col-25 elementor-top-column elementor-element elementor-element-1c664b9 ae-bg-gallery-type-default\" data-id=\"1c664b9\" data-element_type=\"column\">\n\t\t\t<div class=\"elementor-column-wrap elementor-element-populated\">\n\t\t\t\t\t\t\t<div class=\"elementor-widget-wrap\">\n\t\t\t\t\t\t<div class=\"elementor-element elementor-element-301f7ca elementor-widget elementor-widget-image\" data-id=\"301f7ca\" data-element_type=\"widget\" data-widget_type=\"image.default\">\n\t\t\t\t<div class=\"elementor-widget-container\">\n\t\t\t\t\t\t\t\t<div class=\"elementor-image\">\n\t\t\t\t\t\t\t\t\t\t\t\t<img decoding=\"async\" width=\"256\" height=\"98\" src=\"https:\/\/ahgora.upsites.dev\/wp-content\/uploads\/2019\/06\/ahgora_logo_branco.png\" class=\"attachment-large size-large wp-image-1164\" alt=\"ahgora logo branco\" loading=\"lazy\" \/>\t\t\t\t\t\t\t\t\t\t\t\t\t\t<\/div>\n\t\t\t\t\t\t<\/div>\n\t\t\t\t<\/div>\n\t\t\t\t<div class=\"elementor-element elementor-element-c2bcbbf elementor-widget elementor-widget-image\" data-id=\"c2bcbbf\" data-element_type=\"widget\" data-widget_type=\"image.default\">\n\t\t\t\t<div class=\"elementor-widget-container\">\n\t\t\t\t\t\t\t\t<div class=\"elementor-image\">\n\t\t\t\t\t\t\t\t\t\t\t\t<img decoding=\"async\" width=\"256\" height=\"98\" src=\"https:\/\/ahgora.upsites.dev\/wp-content\/uploads\/2019\/06\/integracoes-mozilla.png\" class=\"attachment-large size-large wp-image-1160\" alt=\"integracoes mozilla\" loading=\"lazy\" \/>\t\t\t\t\t\t\t\t\t\t\t\t\t\t<\/div>\n\t\t\t\t\t\t<\/div>\n\t\t\t\t<\/div>\n\t\t\t\t\t\t<\/div>\n\t\t\t\t\t<\/div>\n\t\t<\/div>\n\t\t\t\t\t\t\t\t<\/div>\n\t\t\t\t\t<\/div>\n\t\t<\/section>\n\t\t\t\t<section class=\"has_ae_slider elementor-section elementor-top-section elementor-element elementor-element-1db2468 elementor-section-full_width elementor-section-height-default elementor-section-height-default ae-bg-gallery-type-default\" data-id=\"1db2468\" data-element_type=\"section\">\n\t\t\t\t\t\t<div class=\"elementor-container elementor-column-gap-default\">\n\t\t\t\t\t\t\t<div class=\"elementor-row\">\n\t\t\t\t\t<div class=\"has_ae_slider elementor-column elementor-col-50 elementor-top-column elementor-element elementor-element-f07363a ae-bg-gallery-type-default\" data-id=\"f07363a\" data-element_type=\"column\" data-settings=\"{&quot;background_background&quot;:&quot;classic&quot;}\">\n\t\t\t<div class=\"elementor-column-wrap elementor-element-populated\">\n\t\t\t\t\t\t\t<div class=\"elementor-widget-wrap\">\n\t\t\t\t\t\t<section class=\"has_ae_slider elementor-section elementor-inner-section elementor-element elementor-element-ba68cef elementor-section-full_width elementor-section-content-middle elementor-section-height-default elementor-section-height-default ae-bg-gallery-type-default\" data-id=\"ba68cef\" data-element_type=\"section\">\n\t\t\t\t\t\t<div class=\"elementor-container elementor-column-gap-default\">\n\t\t\t\t\t\t\t<div class=\"elementor-row\">\n\t\t\t\t\t<div class=\"has_ae_slider elementor-column elementor-col-100 elementor-inner-column elementor-element elementor-element-8d0d724 ae-bg-gallery-type-default\" data-id=\"8d0d724\" data-element_type=\"column\" data-settings=\"{&quot;background_background&quot;:&quot;gradient&quot;}\">\n\t\t\t<div class=\"elementor-column-wrap elementor-element-populated\">\n\t\t\t\t\t\t\t<div class=\"elementor-widget-wrap\">\n\t\t\t\t\t\t<div class=\"elementor-element elementor-element-24d564d elementor-widget elementor-widget-heading\" data-id=\"24d564d\" data-element_type=\"widget\" data-widget_type=\"heading.default\">\n\t\t\t\t<div class=\"elementor-widget-container\">\n\t\t\t<h2 class=\"elementor-heading-title elementor-size-default\">Potencialize a gest\u00e3o.<\/h2>\t\t<\/div>\n\t\t\t\t<\/div>\n\t\t\t\t<div class=\"elementor-element elementor-element-25ae419 elementor-widget elementor-widget-text-editor\" data-id=\"25ae419\" data-element_type=\"widget\" data-widget_type=\"text-editor.default\">\n\t\t\t\t<div class=\"elementor-widget-container\">\n\t\t\t\t\t\t\t\t<div class=\"elementor-text-editor elementor-clearfix\">\n\t\t\t\t<p>Ganhe efici\u00eancia operacional<br \/>com tecnologias e integra\u00e7\u00f5es ahgora.<\/p>\t\t\t\t\t<\/div>\n\t\t\t\t\t\t<\/div>\n\t\t\t\t<\/div>\n\t\t\t\t<div class=\"elementor-element elementor-element-488bb305 elementor-align-center elementor-mobile-align-center botaocta elementor-widget elementor-widget-button\" data-id=\"488bb305\" data-element_type=\"widget\" data-widget_type=\"button.default\">\n\t\t\t\t<div class=\"elementor-widget-container\">\n\t\t\t\t\t<div class=\"elementor-button-wrapper\">\n\t\t\t<a href=\"https:\/\/ahgora.upsites.dev\/en\/contato\/\" class=\"elementor-button-link elementor-button elementor-size-sm\" role=\"button\">\n\t\t\t\t\t\t<span class=\"elementor-button-content-wrapper\">\n\t\t\t\t\t\t<span class=\"elementor-button-text\">Tire suas d\u00favidas<\/span>\n\t\t<\/span>\n\t\t\t\t\t<\/a>\n\t\t<\/div>\n\t\t\t\t<\/div>\n\t\t\t\t<\/div>\n\t\t\t\t\t\t<\/div>\n\t\t\t\t\t<\/div>\n\t\t<\/div>\n\t\t\t\t\t\t\t\t<\/div>\n\t\t\t\t\t<\/div>\n\t\t<\/section>\n\t\t\t\t\t\t<\/div>\n\t\t\t\t\t<\/div>\n\t\t<\/div>\n\t\t\t\t<div class=\"has_ae_slider elementor-column elementor-col-50 elementor-top-column elementor-element elementor-element-abc1dbf ae-bg-gallery-type-default\" data-id=\"abc1dbf\" data-element_type=\"column\" data-settings=\"{&quot;background_background&quot;:&quot;classic&quot;}\">\n\t\t\t<div class=\"elementor-column-wrap elementor-element-populated\">\n\t\t\t\t\t\t\t<div class=\"elementor-widget-wrap\">\n\t\t\t\t\t\t<div class=\"elementor-element elementor-element-6321267 elementor-widget elementor-widget-spacer\" data-id=\"6321267\" data-element_type=\"widget\" data-widget_type=\"spacer.default\">\n\t\t\t\t<div class=\"elementor-widget-container\">\n\t\t\t\t\t<div class=\"elementor-spacer\">\n\t\t\t<div class=\"elementor-spacer-inner\"><\/div>\n\t\t<\/div>\n\t\t\t\t<\/div>\n\t\t\t\t<\/div>\n\t\t\t\t\t\t<\/div>\n\t\t\t\t\t<\/div>\n\t\t<\/div>\n\t\t\t\t\t\t\t\t<\/div>\n\t\t\t\t\t<\/div>\n\t\t<\/section>\n\t\t\t\t\t\t\t\t\t<\/div>\n\t\t\t<\/div>\n\t\t\t\t\t<\/div>","protected":false},"excerpt":{"rendered":"<p>V\u00e1 mais longe com estas integra\u00e7\u00f5es. Compatibilidade e facilidade de migra\u00e7\u00e3o. Agilize processos, empodere o RH Os softwares da Ahgora podem ser integrados com os principais ERPs do mercado &#8211; nosso cat\u00e1logo de APIs est\u00e1 sempre crescendo. Providenciamos novos mediante negocia\u00e7\u00e3o e usamos tecnologia Fog IoT para conectar voc\u00ea \u00e0 nuvem.\u00a0 Conhe\u00e7a os produtos da [&hellip;]<\/p>","protected":false},"author":1,"featured_media":0,"parent":0,"menu_order":0,"comment_status":"closed","ping_status":"closed","template":"elementor_header_footer","meta":[],"yoast_head":"<!-- This site is optimized with the Yoast SEO plugin v20.7 - https:\/\/yoast.com\/wordpress\/plugins\/seo\/ -->\n<title>Ahgora, integra\u00e7\u00f5es web service e de equipamentos<\/title>\n<meta name=\"description\" content=\"Solu\u00e7\u00f5es moduladas e migra\u00e7\u00e3o faseada: tenha um \u00fanico fornecedor para hardware e software! Integramos m\u00faltiplos sistemas de folha e equipamentos.\" \/>\n<meta name=\"robots\" content=\"noindex, follow\" \/>\n<meta property=\"og:locale\" content=\"en_US\" \/>\n<meta property=\"og:type\" content=\"article\" \/>\n<meta property=\"og:title\" content=\"Ahgora, integra\u00e7\u00f5es web service e de equipamentos\" \/>\n<meta property=\"og:description\" content=\"Solu\u00e7\u00f5es moduladas e migra\u00e7\u00e3o faseada: tenha um \u00fanico fornecedor para hardware e software! Integramos m\u00faltiplos sistemas de folha e equipamentos.\" \/>\n<meta property=\"og:url\" content=\"https:\/\/ahgora.upsites.dev\/en\/integracoes-ahgora\/\" \/>\n<meta property=\"og:site_name\" content=\"Ahgora\" \/>\n<meta property=\"article:publisher\" content=\"https:\/\/www.facebook.com\/ahgora\" \/>\n<meta property=\"article:modified_time\" content=\"2019-06-27T18:40:06+00:00\" \/>\n<meta property=\"og:image\" content=\"https:\/\/ahgora.upsites.dev\/wp-content\/uploads\/2019\/06\/integracoes-sap.png\" \/>\n<meta name=\"twitter:card\" content=\"summary_large_image\" \/>\n<meta name=\"twitter:site\" content=\"@ahgora\" \/>\n<script type=\"application\/ld+json\" class=\"yoast-schema-graph\">{\"@context\":\"https:\/\/schema.org\",\"@graph\":[{\"@type\":\"WebPage\",\"@id\":\"https:\/\/ahgora.upsites.dev\/integracoes-ahgora\/\",\"url\":\"https:\/\/ahgora.upsites.dev\/integracoes-ahgora\/\",\"name\":\"Ahgora, integra\u00e7\u00f5es web service e de equipamentos\",\"isPartOf\":{\"@id\":\"https:\/\/ahgora.upsites.dev\/#website\"},\"datePublished\":\"2019-06-04T16:00:35+00:00\",\"dateModified\":\"2019-06-27T18:40:06+00:00\",\"description\":\"Solu\u00e7\u00f5es moduladas e migra\u00e7\u00e3o faseada: tenha um \u00fanico fornecedor para hardware e software! Integramos m\u00faltiplos sistemas de folha e equipamentos.\",\"inLanguage\":\"en-US\",\"potentialAction\":[{\"@type\":\"ReadAction\",\"target\":[\"https:\/\/ahgora.upsites.dev\/integracoes-ahgora\/\"]}]},{\"@type\":\"WebSite\",\"@id\":\"https:\/\/ahgora.upsites.dev\/#website\",\"url\":\"https:\/\/ahgora.upsites.dev\/\",\"name\":\"Ahgora\",\"description\":\"\",\"potentialAction\":[{\"@type\":\"SearchAction\",\"target\":{\"@type\":\"EntryPoint\",\"urlTemplate\":\"https:\/\/ahgora.upsites.dev\/?s={search_term_string}\"},\"query-input\":\"required name=search_term_string\"}],\"inLanguage\":\"en-US\"}]}<\/script>\n<!-- \/ Yoast SEO plugin. -->","yoast_head_json":{"title":"Ahgora, integra\u00e7\u00f5es web service e de equipamentos","description":"Solu\u00e7\u00f5es moduladas e migra\u00e7\u00e3o faseada: tenha um \u00fanico fornecedor para hardware e software! Integramos m\u00faltiplos sistemas de folha e equipamentos.","robots":{"index":"noindex","follow":"follow"},"og_locale":"en_US","og_type":"article","og_title":"Ahgora, integra\u00e7\u00f5es web service e de equipamentos","og_description":"Solu\u00e7\u00f5es moduladas e migra\u00e7\u00e3o faseada: tenha um \u00fanico fornecedor para hardware e software! Integramos m\u00faltiplos sistemas de folha e equipamentos.","og_url":"https:\/\/ahgora.upsites.dev\/en\/integracoes-ahgora\/","og_site_name":"Ahgora","article_publisher":"https:\/\/www.facebook.com\/ahgora","article_modified_time":"2019-06-27T18:40:06+00:00","og_image":[{"url":"https:\/\/ahgora.upsites.dev\/wp-content\/uploads\/2019\/06\/integracoes-sap.png"}],"twitter_card":"summary_large_image","twitter_site":"@ahgora","schema":{"@context":"https:\/\/schema.org","@graph":[{"@type":"WebPage","@id":"https:\/\/ahgora.upsites.dev\/integracoes-ahgora\/","url":"https:\/\/ahgora.upsites.dev\/integracoes-ahgora\/","name":"Ahgora, integra\u00e7\u00f5es web service e de equipamentos","isPartOf":{"@id":"https:\/\/ahgora.upsites.dev\/#website"},"datePublished":"2019-06-04T16:00:35+00:00","dateModified":"2019-06-27T18:40:06+00:00","description":"Solu\u00e7\u00f5es moduladas e migra\u00e7\u00e3o faseada: tenha um \u00fanico fornecedor para hardware e software! Integramos m\u00faltiplos sistemas de folha e equipamentos.","inLanguage":"en-US","potentialAction":[{"@type":"ReadAction","target":["https:\/\/ahgora.upsites.dev\/integracoes-ahgora\/"]}]},{"@type":"WebSite","@id":"https:\/\/ahgora.upsites.dev\/#website","url":"https:\/\/ahgora.upsites.dev\/","name":"Ahgora","description":"","potentialAction":[{"@type":"SearchAction","target":{"@type":"EntryPoint","urlTemplate":"https:\/\/ahgora.upsites.dev\/?s={search_term_string}"},"query-input":"required name=search_term_string"}],"inLanguage":"en-US"}]}},"_links":{"self":[{"href":"https:\/\/ahgora.upsites.dev\/en\/wp-json\/wp\/v2\/pages\/1149"}],"collection":[{"href":"https:\/\/ahgora.upsites.dev\/en\/wp-json\/wp\/v2\/pages"}],"about":[{"href":"https:\/\/ahgora.upsites.dev\/en\/wp-json\/wp\/v2\/types\/page"}],"author":[{"embeddable":true,"href":"https:\/\/ahgora.upsites.dev\/en\/wp-json\/wp\/v2\/users\/1"}],"replies":[{"embeddable":true,"href":"https:\/\/ahgora.upsites.dev\/en\/wp-json\/wp\/v2\/comments?post=1149"}],"version-history":[{"count":0,"href":"https:\/\/ahgora.upsites.dev\/en\/wp-json\/wp\/v2\/pages\/1149\/revisions"}],"wp:attachment":[{"href":"https:\/\/ahgora.upsites.dev\/en\/wp-json\/wp\/v2\/media?parent=1149"}],"curies":[{"name":"wp","href":"https:\/\/api.w.org\/{rel}","templated":true}]}}