{"id":2722,"date":"2019-06-19T10:43:39","date_gmt":"2019-06-19T13:43:39","guid":{"rendered":"https:\/\/ahgora.upsites.dev\/?page_id=2722"},"modified":"2019-06-27T17:44:47","modified_gmt":"2019-06-27T20:44:47","slug":"portal-investidor","status":"publish","type":"page","link":"https:\/\/ahgora.upsites.dev\/en\/portal-investidor\/","title":{"rendered":"Portal Investidor"},"content":{"rendered":"<div data-elementor-type=\"wp-post\" data-elementor-id=\"2722\" class=\"elementor elementor-2722\">\n\t\t\t\t\t\t<div class=\"elementor-inner\">\n\t\t\t\t<div class=\"elementor-section-wrap\">\n\t\t\t\t\t\t\t\t\t<section class=\"has_ae_slider elementor-section elementor-top-section elementor-element elementor-element-66d2711 elementor-section-full_width elementor-section-height-default elementor-section-height-default ae-bg-gallery-type-default\" data-id=\"66d2711\" data-element_type=\"section\" data-settings=\"{&quot;background_background&quot;:&quot;classic&quot;}\">\n\t\t\t\t\t\t<div class=\"elementor-container elementor-column-gap-default\">\n\t\t\t\t\t\t\t<div class=\"elementor-row\">\n\t\t\t\t\t<div class=\"has_ae_slider elementor-column elementor-col-100 elementor-top-column elementor-element elementor-element-237a836 ae-bg-gallery-type-default\" data-id=\"237a836\" data-element_type=\"column\">\n\t\t\t<div class=\"elementor-column-wrap elementor-element-populated\">\n\t\t\t\t\t\t\t<div class=\"elementor-widget-wrap\">\n\t\t\t\t\t\t<div class=\"elementor-element elementor-element-c696e69 elementor-widget elementor-widget-spacer\" data-id=\"c696e69\" data-element_type=\"widget\" data-widget_type=\"spacer.default\">\n\t\t\t\t<div class=\"elementor-widget-container\">\n\t\t\t\t\t<div class=\"elementor-spacer\">\n\t\t\t<div class=\"elementor-spacer-inner\"><\/div>\n\t\t<\/div>\n\t\t\t\t<\/div>\n\t\t\t\t<\/div>\n\t\t\t\t\t\t<\/div>\n\t\t\t\t\t<\/div>\n\t\t<\/div>\n\t\t\t\t\t\t\t\t<\/div>\n\t\t\t\t\t<\/div>\n\t\t<\/section>\n\t\t\t\t<section class=\"has_ae_slider elementor-section elementor-top-section elementor-element elementor-element-0da78af elementor-section-boxed elementor-section-height-default elementor-section-height-default ae-bg-gallery-type-default\" data-id=\"0da78af\" data-element_type=\"section\">\n\t\t\t\t\t\t<div class=\"elementor-container elementor-column-gap-no\">\n\t\t\t\t\t\t\t<div class=\"elementor-row\">\n\t\t\t\t\t<div class=\"has_ae_slider elementor-column elementor-col-50 elementor-top-column elementor-element elementor-element-917b02d ae-bg-gallery-type-default\" data-id=\"917b02d\" data-element_type=\"column\">\n\t\t\t<div class=\"elementor-column-wrap elementor-element-populated\">\n\t\t\t\t\t\t\t<div class=\"elementor-widget-wrap\">\n\t\t\t\t\t\t<div class=\"elementor-element elementor-element-71a7bbd elementor-widget elementor-widget-heading\" data-id=\"71a7bbd\" data-element_type=\"widget\" data-widget_type=\"heading.default\">\n\t\t\t\t<div class=\"elementor-widget-container\">\n\t\t\t<h1 class=\"elementor-heading-title elementor-size-default\">Portal\ndo<br> investidor<\/h1>\t\t<\/div>\n\t\t\t\t<\/div>\n\t\t\t\t<div class=\"elementor-element elementor-element-f80d6a3 elementor-widget elementor-widget-text-editor\" data-id=\"f80d6a3\" data-element_type=\"widget\" data-widget_type=\"text-editor.default\">\n\t\t\t\t<div class=\"elementor-widget-container\">\n\t\t\t\t\t\t\t\t<div class=\"elementor-text-editor elementor-clearfix\">\n\t\t\t\t<p>A Ahgora fechou 2018 com R$ 30 milh\u00f5es, 180 <br \/>funcion\u00e1rios e 2600 clientes.<\/p>\t\t\t\t\t<\/div>\n\t\t\t\t\t\t<\/div>\n\t\t\t\t<\/div>\n\t\t\t\t\t\t<\/div>\n\t\t\t\t\t<\/div>\n\t\t<\/div>\n\t\t\t\t<div class=\"has_ae_slider elementor-column elementor-col-50 elementor-top-column elementor-element elementor-element-d42926b ae-bg-gallery-type-default\" data-id=\"d42926b\" data-element_type=\"column\">\n\t\t\t<div class=\"elementor-column-wrap elementor-element-populated\">\n\t\t\t\t\t\t\t<div class=\"elementor-widget-wrap\">\n\t\t\t\t\t\t<div class=\"elementor-element elementor-element-342581d elementor-widget elementor-widget-login\" data-id=\"342581d\" data-element_type=\"widget\" data-widget_type=\"login.default\">\n\t\t\t\t<div class=\"elementor-widget-container\">\n\t\t\t\t\t<form class=\"elementor-login elementor-form\" method=\"post\" action=\"https:\/\/ahgora.upsites.dev\/wp-login.php\">\n\t\t\t<input type=\"hidden\" name=\"redirect_to\" value=\"https:\/\/sites.google.com\/ahgora.com.br\/investor-relations\/home\">\n\t\t\t<div class=\"elementor-form-fields-wrapper\">\n\t\t\t\t<div class=\"elementor-field-type-text elementor-field-group elementor-column elementor-col-100 elementor-field-required\">\n\t\t\t\t\t\t\t\t\t\t<input size=\"1\" type=\"text\" name=\"log\" id=\"user\" placeholder=\"\" class=\"elementor-field elementor-field-textual elementor-size-sm\">\n\t\t\t\t<\/div>\n\t\t\t\t<div class=\"elementor-field-type-text elementor-field-group elementor-column elementor-col-100 elementor-field-required\">\n\t\t\t\t\t\t\t\t\t\t<input size=\"1\" type=\"password\" name=\"pwd\" id=\"password\" placeholder=\"\" class=\"elementor-field elementor-field-textual elementor-size-sm\">\n\t\t\t\t<\/div>\n\n\t\t\t\t\t\t\t\t\t<div class=\"elementor-field-type-checkbox elementor-field-group elementor-column elementor-col-100 elementor-remember-me\">\n\t\t\t\t\t\t<label for=\"elementor-login-remember-me\">\n\t\t\t\t\t\t\t<input type=\"checkbox\" id=\"elementor-login-remember-me\" name=\"rememberme\" value=\"forever\">\n\t\t\t\t\t\t\tRemember Me\t\t\t\t\t\t<\/label>\n\t\t\t\t\t<\/div>\n\t\t\t\t\n\t\t\t\t<div class=\"elementor-field-group elementor-column elementor-field-type-submit elementor-col-100\">\n\t\t\t\t\t<button type=\"submit\" class=\"elementor-size-sm elementor-button\" name=\"wp-submit\">\n\t\t\t\t\t\t\t\t\t\t\t\t\t\t\t<span class=\"elementor-button-text\">Entrar<\/span>\n\t\t\t\t\t\t\t\t\t\t\t\t<\/button>\n\t\t\t\t<\/div>\n\n\t\t\t\t\t\t\t\t\t<div class=\"elementor-field-group elementor-column elementor-col-100\">\n\t\t\t\t\t\t\t\t\t\t\t\t\t\t\t\t\t\t\t\t<a class=\"elementor-lost-password\" href=\"https:\/\/ahgora.upsites.dev\/en\/minha-conta\/lost-password\/\">\n\t\t\t\t\t\t\t\tLost your password?\t\t\t\t\t\t\t<\/a>\n\t\t\t\t\t\t\n\t\t\t\t\t\t\t\t\t\t\t\t\t\t\t\t\t\t\t\t\t<span class=\"elementor-login-separator\"> | <\/span>\n\t\t\t\t\t\t\t\t\t\t\t\t\t\t\t\t\t\t\t\t\t<a class=\"elementor-register\" href=\"https:\/\/ahgora.upsites.dev\/wp-login.php?action=register\">\n\t\t\t\t\t\t\t\tRegister\t\t\t\t\t\t\t<\/a>\n\t\t\t\t\t\t\t\t\t\t\t<\/div>\n\t\t\t\t\t\t\t<\/div>\n\t\t<\/form>\n\t\t\t\t<\/div>\n\t\t\t\t<\/div>\n\t\t\t\t\t\t<\/div>\n\t\t\t\t\t<\/div>\n\t\t<\/div>\n\t\t\t\t\t\t\t\t<\/div>\n\t\t\t\t\t<\/div>\n\t\t<\/section>\n\t\t\t\t\t\t\t\t\t<\/div>\n\t\t\t<\/div>\n\t\t\t\t\t<\/div>","protected":false},"excerpt":{"rendered":"<p>Portal do investidor A Ahgora fechou 2018 com R$ 30 milh\u00f5es, 180 funcion\u00e1rios e 2600 clientes.<\/p>","protected":false},"author":1,"featured_media":0,"parent":0,"menu_order":0,"comment_status":"closed","ping_status":"closed","template":"elementor_header_footer","meta":[],"yoast_head":"<!-- This site is optimized with the Yoast SEO plugin v20.7 - https:\/\/yoast.com\/wordpress\/plugins\/seo\/ -->\n<title>Rela\u00e7\u00f5es com Investidores Ahgora<\/title>\n<meta name=\"description\" content=\"\u00c9tica, transpar\u00eancia e qualidade para uma gest\u00e3o respons\u00e1vel. Canal de relacionamento com investidores da Ahgora.\" \/>\n<meta name=\"robots\" content=\"noindex, follow\" \/>\n<meta property=\"og:locale\" content=\"en_US\" \/>\n<meta property=\"og:type\" content=\"article\" \/>\n<meta property=\"og:title\" content=\"Rela\u00e7\u00f5es com Investidores Ahgora\" \/>\n<meta property=\"og:description\" content=\"\u00c9tica, transpar\u00eancia e qualidade para uma gest\u00e3o respons\u00e1vel. Canal de relacionamento com investidores da Ahgora.\" \/>\n<meta property=\"og:url\" content=\"https:\/\/ahgora.upsites.dev\/en\/portal-investidor\/\" \/>\n<meta property=\"og:site_name\" content=\"Ahgora\" \/>\n<meta property=\"article:publisher\" content=\"https:\/\/www.facebook.com\/ahgora\" \/>\n<meta property=\"article:modified_time\" content=\"2019-06-27T20:44:47+00:00\" \/>\n<meta name=\"twitter:card\" content=\"summary_large_image\" \/>\n<meta name=\"twitter:site\" content=\"@ahgora\" \/>\n<script type=\"application\/ld+json\" class=\"yoast-schema-graph\">{\"@context\":\"https:\/\/schema.org\",\"@graph\":[{\"@type\":\"WebPage\",\"@id\":\"https:\/\/ahgora.upsites.dev\/en\/portal-investidor\/\",\"url\":\"https:\/\/ahgora.upsites.dev\/en\/portal-investidor\/\",\"name\":\"Rela\u00e7\u00f5es com Investidores Ahgora\",\"isPartOf\":{\"@id\":\"https:\/\/ahgora.upsites.dev\/#website\"},\"datePublished\":\"2019-06-19T13:43:39+00:00\",\"dateModified\":\"2019-06-27T20:44:47+00:00\",\"description\":\"\u00c9tica, transpar\u00eancia e qualidade para uma gest\u00e3o respons\u00e1vel. Canal de relacionamento com investidores da Ahgora.\",\"inLanguage\":\"en-US\",\"potentialAction\":[{\"@type\":\"ReadAction\",\"target\":[\"https:\/\/ahgora.upsites.dev\/en\/portal-investidor\/\"]}]},{\"@type\":\"WebSite\",\"@id\":\"https:\/\/ahgora.upsites.dev\/#website\",\"url\":\"https:\/\/ahgora.upsites.dev\/\",\"name\":\"Ahgora\",\"description\":\"\",\"potentialAction\":[{\"@type\":\"SearchAction\",\"target\":{\"@type\":\"EntryPoint\",\"urlTemplate\":\"https:\/\/ahgora.upsites.dev\/?s={search_term_string}\"},\"query-input\":\"required name=search_term_string\"}],\"inLanguage\":\"en-US\"}]}<\/script>\n<!-- \/ Yoast SEO plugin. -->","yoast_head_json":{"title":"Rela\u00e7\u00f5es com Investidores Ahgora","description":"\u00c9tica, transpar\u00eancia e qualidade para uma gest\u00e3o respons\u00e1vel. Canal de relacionamento com investidores da Ahgora.","robots":{"index":"noindex","follow":"follow"},"og_locale":"en_US","og_type":"article","og_title":"Rela\u00e7\u00f5es com Investidores Ahgora","og_description":"\u00c9tica, transpar\u00eancia e qualidade para uma gest\u00e3o respons\u00e1vel. Canal de relacionamento com investidores da Ahgora.","og_url":"https:\/\/ahgora.upsites.dev\/en\/portal-investidor\/","og_site_name":"Ahgora","article_publisher":"https:\/\/www.facebook.com\/ahgora","article_modified_time":"2019-06-27T20:44:47+00:00","twitter_card":"summary_large_image","twitter_site":"@ahgora","schema":{"@context":"https:\/\/schema.org","@graph":[{"@type":"WebPage","@id":"https:\/\/ahgora.upsites.dev\/en\/portal-investidor\/","url":"https:\/\/ahgora.upsites.dev\/en\/portal-investidor\/","name":"Rela\u00e7\u00f5es com Investidores Ahgora","isPartOf":{"@id":"https:\/\/ahgora.upsites.dev\/#website"},"datePublished":"2019-06-19T13:43:39+00:00","dateModified":"2019-06-27T20:44:47+00:00","description":"\u00c9tica, transpar\u00eancia e qualidade para uma gest\u00e3o respons\u00e1vel. Canal de relacionamento com investidores da Ahgora.","inLanguage":"en-US","potentialAction":[{"@type":"ReadAction","target":["https:\/\/ahgora.upsites.dev\/en\/portal-investidor\/"]}]},{"@type":"WebSite","@id":"https:\/\/ahgora.upsites.dev\/#website","url":"https:\/\/ahgora.upsites.dev\/","name":"Ahgora","description":"","potentialAction":[{"@type":"SearchAction","target":{"@type":"EntryPoint","urlTemplate":"https:\/\/ahgora.upsites.dev\/?s={search_term_string}"},"query-input":"required name=search_term_string"}],"inLanguage":"en-US"}]}},"_links":{"self":[{"href":"https:\/\/ahgora.upsites.dev\/en\/wp-json\/wp\/v2\/pages\/2722"}],"collection":[{"href":"https:\/\/ahgora.upsites.dev\/en\/wp-json\/wp\/v2\/pages"}],"about":[{"href":"https:\/\/ahgora.upsites.dev\/en\/wp-json\/wp\/v2\/types\/page"}],"author":[{"embeddable":true,"href":"https:\/\/ahgora.upsites.dev\/en\/wp-json\/wp\/v2\/users\/1"}],"replies":[{"embeddable":true,"href":"https:\/\/ahgora.upsites.dev\/en\/wp-json\/wp\/v2\/comments?post=2722"}],"version-history":[{"count":0,"href":"https:\/\/ahgora.upsites.dev\/en\/wp-json\/wp\/v2\/pages\/2722\/revisions"}],"wp:attachment":[{"href":"https:\/\/ahgora.upsites.dev\/en\/wp-json\/wp\/v2\/media?parent=2722"}],"curies":[{"name":"wp","href":"https:\/\/api.w.org\/{rel}","templated":true}]}}