{"id":89,"date":"2016-04-08T13:37:41","date_gmt":"2016-04-08T16:37:41","guid":{"rendered":"https:\/\/oceanwp.org\/store\/product\/boot-noos\/"},"modified":"2019-06-27T19:13:29","modified_gmt":"2019-06-27T22:13:29","slug":"ahgora-acesso-web","status":"publish","type":"product","link":"https:\/\/ahgora.upsites.dev\/en\/product\/ahgora-acesso-web\/","title":{"rendered":"Ahgora Acesso WEB"},"content":{"rendered":"<p>Curabitur sodales ligula in libero. Sed dignissim lacinia nunc. Curabitur tortor. Pellentesque nibh. Aenean quam. In scelerisque sem at dolor. Maecenas mattis. Sed convallis tristique sem. Proin ut ligula vel nunc egestas porttitor. Morbi lectus risus, iaculis vel, suscipit quis, luctus non, massa. Fusce ac turpis quis.<\/p>\n<p>Nulla facilisi. Ut fringilla. Suspendisse potenti. Nunc feugiat mi a tellus consequat imperdiet. Vestibulum sapien. Proin quam. Etiam ultrices. Suspendisse in justo eu magna luctus suscipit. Sed lectus. Integer euismod lacus luctus magna class aptent taciti sociosqu ad litora torquent per conubia nostra.<\/p>","protected":false},"excerpt":{"rendered":"<p>Fique em dia com a lei trabalhista. Use o melhor sistema de controle de ponto online para a gest\u00e3o de presen\u00e7a dos funcion\u00e1rios.<\/p>\n<p>+ Sistema de RH Ahgora PontoWEB<br \/>\n+ App para gestores Ahgora Leader<br \/>\n+ App de registro de ponto Ahgora Multi<\/p>","protected":false},"featured_media":3939,"template":"","meta":[],"product_cat":[15,46,73],"product_tag":[34,39],"yoast_head":"<!-- This site is optimized with the Yoast SEO plugin v20.7 - https:\/\/yoast.com\/wordpress\/plugins\/seo\/ -->\n<title>Ahgora Acesso WEB - Ahgora<\/title>\n<meta name=\"robots\" content=\"noindex, follow\" \/>\n<meta property=\"og:locale\" content=\"en_US\" \/>\n<meta property=\"og:type\" content=\"article\" \/>\n<meta property=\"og:title\" content=\"Ahgora Acesso WEB - Ahgora\" \/>\n<meta property=\"og:description\" content=\"Fique em dia com a lei trabalhista. Use o melhor sistema de controle de ponto online para a gest\u00e3o de presen\u00e7a dos funcion\u00e1rios.  + Sistema de RH Ahgora PontoWEB + App para gestores Ahgora Leader + App de registro de ponto Ahgora Multi\" \/>\n<meta property=\"og:url\" content=\"https:\/\/ahgora.upsites.dev\/en\/product\/ahgora-acesso-web\/\" \/>\n<meta property=\"og:site_name\" content=\"Ahgora\" \/>\n<meta property=\"article:publisher\" content=\"https:\/\/www.facebook.com\/ahgora\" \/>\n<meta property=\"article:modified_time\" content=\"2019-06-27T22:13:29+00:00\" \/>\n<meta property=\"og:image\" content=\"https:\/\/ahgora.upsites.dev\/wp-content\/uploads\/2016\/04\/acesso-web.jpg\" \/>\n\t<meta property=\"og:image:width\" content=\"536\" \/>\n\t<meta property=\"og:image:height\" content=\"205\" \/>\n\t<meta property=\"og:image:type\" content=\"image\/jpeg\" \/>\n<meta name=\"twitter:card\" content=\"summary_large_image\" \/>\n<meta name=\"twitter:site\" content=\"@ahgora\" \/>\n<script type=\"application\/ld+json\" class=\"yoast-schema-graph\">{\"@context\":\"https:\/\/schema.org\",\"@graph\":[{\"@type\":\"WebPage\",\"@id\":\"https:\/\/ahgora.upsites.dev\/produto\/ahgora-acesso-web\/\",\"url\":\"https:\/\/ahgora.upsites.dev\/produto\/ahgora-acesso-web\/\",\"name\":\"Ahgora Acesso WEB - Ahgora\",\"isPartOf\":{\"@id\":\"https:\/\/ahgora.upsites.dev\/#website\"},\"datePublished\":\"2016-04-08T16:37:41+00:00\",\"dateModified\":\"2019-06-27T22:13:29+00:00\",\"breadcrumb\":{\"@id\":\"https:\/\/ahgora.upsites.dev\/produto\/ahgora-acesso-web\/#breadcrumb\"},\"inLanguage\":\"en-US\",\"potentialAction\":[{\"@type\":\"ReadAction\",\"target\":[\"https:\/\/ahgora.upsites.dev\/produto\/ahgora-acesso-web\/\"]}]},{\"@type\":\"BreadcrumbList\",\"@id\":\"https:\/\/ahgora.upsites.dev\/produto\/ahgora-acesso-web\/#breadcrumb\",\"itemListElement\":[{\"@type\":\"ListItem\",\"position\":1,\"name\":\"Produtos\",\"item\":\"https:\/\/ahgora.upsites.dev\/shop\/\"},{\"@type\":\"ListItem\",\"position\":2,\"name\":\"Ahgora Acesso WEB\"}]},{\"@type\":\"WebSite\",\"@id\":\"https:\/\/ahgora.upsites.dev\/#website\",\"url\":\"https:\/\/ahgora.upsites.dev\/\",\"name\":\"Ahgora\",\"description\":\"\",\"potentialAction\":[{\"@type\":\"SearchAction\",\"target\":{\"@type\":\"EntryPoint\",\"urlTemplate\":\"https:\/\/ahgora.upsites.dev\/?s={search_term_string}\"},\"query-input\":\"required name=search_term_string\"}],\"inLanguage\":\"en-US\"}]}<\/script>\n<!-- \/ Yoast SEO plugin. -->","yoast_head_json":{"title":"Ahgora Acesso WEB - Ahgora","robots":{"index":"noindex","follow":"follow"},"og_locale":"en_US","og_type":"article","og_title":"Ahgora Acesso WEB - Ahgora","og_description":"Fique em dia com a lei trabalhista. Use o melhor sistema de controle de ponto online para a gest\u00e3o de presen\u00e7a dos funcion\u00e1rios.  + Sistema de RH Ahgora PontoWEB + App para gestores Ahgora Leader + App de registro de ponto Ahgora Multi","og_url":"https:\/\/ahgora.upsites.dev\/en\/product\/ahgora-acesso-web\/","og_site_name":"Ahgora","article_publisher":"https:\/\/www.facebook.com\/ahgora","article_modified_time":"2019-06-27T22:13:29+00:00","og_image":[{"width":536,"height":205,"url":"https:\/\/ahgora.upsites.dev\/wp-content\/uploads\/2016\/04\/acesso-web.jpg","type":"image\/jpeg"}],"twitter_card":"summary_large_image","twitter_site":"@ahgora","schema":{"@context":"https:\/\/schema.org","@graph":[{"@type":"WebPage","@id":"https:\/\/ahgora.upsites.dev\/produto\/ahgora-acesso-web\/","url":"https:\/\/ahgora.upsites.dev\/produto\/ahgora-acesso-web\/","name":"Ahgora Acesso WEB - Ahgora","isPartOf":{"@id":"https:\/\/ahgora.upsites.dev\/#website"},"datePublished":"2016-04-08T16:37:41+00:00","dateModified":"2019-06-27T22:13:29+00:00","breadcrumb":{"@id":"https:\/\/ahgora.upsites.dev\/produto\/ahgora-acesso-web\/#breadcrumb"},"inLanguage":"en-US","potentialAction":[{"@type":"ReadAction","target":["https:\/\/ahgora.upsites.dev\/produto\/ahgora-acesso-web\/"]}]},{"@type":"BreadcrumbList","@id":"https:\/\/ahgora.upsites.dev\/produto\/ahgora-acesso-web\/#breadcrumb","itemListElement":[{"@type":"ListItem","position":1,"name":"Produtos","item":"https:\/\/ahgora.upsites.dev\/shop\/"},{"@type":"ListItem","position":2,"name":"Ahgora Acesso WEB"}]},{"@type":"WebSite","@id":"https:\/\/ahgora.upsites.dev\/#website","url":"https:\/\/ahgora.upsites.dev\/","name":"Ahgora","description":"","potentialAction":[{"@type":"SearchAction","target":{"@type":"EntryPoint","urlTemplate":"https:\/\/ahgora.upsites.dev\/?s={search_term_string}"},"query-input":"required name=search_term_string"}],"inLanguage":"en-US"}]}},"_links":{"self":[{"href":"https:\/\/ahgora.upsites.dev\/en\/wp-json\/wp\/v2\/product\/89"}],"collection":[{"href":"https:\/\/ahgora.upsites.dev\/en\/wp-json\/wp\/v2\/product"}],"about":[{"href":"https:\/\/ahgora.upsites.dev\/en\/wp-json\/wp\/v2\/types\/product"}],"version-history":[{"count":0,"href":"https:\/\/ahgora.upsites.dev\/en\/wp-json\/wp\/v2\/product\/89\/revisions"}],"wp:featuredmedia":[{"embeddable":true,"href":"https:\/\/ahgora.upsites.dev\/en\/wp-json\/wp\/v2\/media\/3939"}],"wp:attachment":[{"href":"https:\/\/ahgora.upsites.dev\/en\/wp-json\/wp\/v2\/media?parent=89"}],"wp:term":[{"taxonomy":"product_cat","embeddable":true,"href":"https:\/\/ahgora.upsites.dev\/en\/wp-json\/wp\/v2\/product_cat?post=89"},{"taxonomy":"product_tag","embeddable":true,"href":"https:\/\/ahgora.upsites.dev\/en\/wp-json\/wp\/v2\/product_tag?post=89"}],"curies":[{"name":"wp","href":"https:\/\/api.w.org\/{rel}","templated":true}]}}